{"id":11,"date":"2023-12-05T09:04:07","date_gmt":"2023-12-05T08:04:07","guid":{"rendered":"http:\/\/www.wasabedden.se\/?page_id=11"},"modified":"2023-12-13T09:20:40","modified_gmt":"2023-12-13T08:20:40","slug":"evertsberg","status":"publish","type":"page","link":"https:\/\/www.wasabedden.se\/?page_id=11","title":{"rendered":"EVERTSBERG"},"content":{"rendered":"\t\t<div data-elementor-type=\"wp-page\" data-elementor-id=\"11\" class=\"elementor elementor-11\">\n\t\t\t\t\t\t\t<div class=\"elementor-element elementor-element-7b7d3bab e-flex e-con-boxed e-con e-parent\" data-id=\"7b7d3bab\" data-element_type=\"container\" data-settings=\"{&quot;content_width&quot;:&quot;boxed&quot;}\" data-core-v316-plus=\"true\">\n\t\t\t\t\t<div class=\"e-con-inner\">\n\t\t\t\t<div class=\"elementor-element elementor-element-58ba2f03 elementor-widget elementor-widget-spacer\" data-id=\"58ba2f03\" data-element_type=\"widget\" data-widget_type=\"spacer.default\">\n\t\t\t\t<div class=\"elementor-widget-container\">\n\t\t\t<style>\/*! elementor - v3.18.0 - 04-12-2023 *\/\n.elementor-column .elementor-spacer-inner{height:var(--spacer-size)}.e-con{--container-widget-width:100%}.e-con-inner>.elementor-widget-spacer,.e-con>.elementor-widget-spacer{width:var(--container-widget-width,var(--spacer-size));--align-self:var(--container-widget-align-self,initial);--flex-shrink:0}.e-con-inner>.elementor-widget-spacer>.elementor-widget-container,.e-con>.elementor-widget-spacer>.elementor-widget-container{height:100%;width:100%}.e-con-inner>.elementor-widget-spacer>.elementor-widget-container>.elementor-spacer,.e-con>.elementor-widget-spacer>.elementor-widget-container>.elementor-spacer{height:100%}.e-con-inner>.elementor-widget-spacer>.elementor-widget-container>.elementor-spacer>.elementor-spacer-inner,.e-con>.elementor-widget-spacer>.elementor-widget-container>.elementor-spacer>.elementor-spacer-inner{height:var(--container-widget-height,var(--spacer-size))}.e-con-inner>.elementor-widget-spacer.elementor-widget-empty,.e-con>.elementor-widget-spacer.elementor-widget-empty{position:relative;min-height:22px;min-width:22px}.e-con-inner>.elementor-widget-spacer.elementor-widget-empty .elementor-widget-empty-icon,.e-con>.elementor-widget-spacer.elementor-widget-empty .elementor-widget-empty-icon{position:absolute;top:0;bottom:0;left:0;right:0;margin:auto;padding:0;width:22px;height:22px}<\/style>\t\t<div class=\"elementor-spacer\">\n\t\t\t<div class=\"elementor-spacer-inner\"><\/div>\n\t\t<\/div>\n\t\t\t\t<\/div>\n\t\t\t\t<\/div>\n\t\t\t\t<div class=\"elementor-element elementor-element-714eb037 elementor-widget elementor-widget-image\" data-id=\"714eb037\" data-element_type=\"widget\" data-widget_type=\"image.default\">\n\t\t\t\t<div class=\"elementor-widget-container\">\n\t\t\t<style>\/*! elementor - v3.18.0 - 04-12-2023 *\/\n.elementor-widget-image{text-align:center}.elementor-widget-image a{display:inline-block}.elementor-widget-image a img[src$=\".svg\"]{width:48px}.elementor-widget-image img{vertical-align:middle;display:inline-block}<\/style>\t\t\t\t\t\t\t\t\t\t\t\t<img fetchpriority=\"high\" decoding=\"async\" width=\"740\" height=\"373\" src=\"https:\/\/www.wasabedden.se\/wp-content\/uploads\/2023\/12\/Salen-ull.-Salen-tagel.-Oxberg-baddmadrass-tagel-eller-ull-1440x726-1-1024x516.jpg\" class=\"attachment-large size-large wp-image-436\" alt=\"\" srcset=\"https:\/\/www.wasabedden.se\/wp-content\/uploads\/2023\/12\/Salen-ull.-Salen-tagel.-Oxberg-baddmadrass-tagel-eller-ull-1440x726-1-1024x516.jpg 1024w, https:\/\/www.wasabedden.se\/wp-content\/uploads\/2023\/12\/Salen-ull.-Salen-tagel.-Oxberg-baddmadrass-tagel-eller-ull-1440x726-1-300x151.jpg 300w, https:\/\/www.wasabedden.se\/wp-content\/uploads\/2023\/12\/Salen-ull.-Salen-tagel.-Oxberg-baddmadrass-tagel-eller-ull-1440x726-1-768x387.jpg 768w, https:\/\/www.wasabedden.se\/wp-content\/uploads\/2023\/12\/Salen-ull.-Salen-tagel.-Oxberg-baddmadrass-tagel-eller-ull-1440x726-1.jpg 1440w\" sizes=\"(max-width: 740px) 100vw, 740px\" \/>\t\t\t\t\t\t\t\t\t\t\t\t\t\t\t<\/div>\n\t\t\t\t<\/div>\n\t\t\t\t<div class=\"elementor-element elementor-element-4762ae7c elementor-widget elementor-widget-spacer\" data-id=\"4762ae7c\" data-element_type=\"widget\" data-widget_type=\"spacer.default\">\n\t\t\t\t<div class=\"elementor-widget-container\">\n\t\t\t\t\t<div class=\"elementor-spacer\">\n\t\t\t<div class=\"elementor-spacer-inner\"><\/div>\n\t\t<\/div>\n\t\t\t\t<\/div>\n\t\t\t\t<\/div>\n\t\t\t\t<div class=\"elementor-element elementor-element-6023d20d elementor-widget elementor-widget-heading\" data-id=\"6023d20d\" data-element_type=\"widget\" data-widget_type=\"heading.default\">\n\t\t\t\t<div class=\"elementor-widget-container\">\n\t\t\t<style>\/*! elementor - v3.18.0 - 04-12-2023 *\/\n.elementor-heading-title{padding:0;margin:0;line-height:1}.elementor-widget-heading .elementor-heading-title[class*=elementor-size-]>a{color:inherit;font-size:inherit;line-height:inherit}.elementor-widget-heading .elementor-heading-title.elementor-size-small{font-size:15px}.elementor-widget-heading .elementor-heading-title.elementor-size-medium{font-size:19px}.elementor-widget-heading .elementor-heading-title.elementor-size-large{font-size:29px}.elementor-widget-heading .elementor-heading-title.elementor-size-xl{font-size:39px}.elementor-widget-heading .elementor-heading-title.elementor-size-xxl{font-size:59px}<\/style><h2 class=\"elementor-heading-title elementor-size-default\">EVERTSBERG<\/h2>\t\t<\/div>\n\t\t\t\t<\/div>\n\t\t\t\t<div class=\"elementor-element elementor-element-38474a44 elementor-widget elementor-widget-spacer\" data-id=\"38474a44\" data-element_type=\"widget\" data-widget_type=\"spacer.default\">\n\t\t\t\t<div class=\"elementor-widget-container\">\n\t\t\t\t\t<div class=\"elementor-spacer\">\n\t\t\t<div class=\"elementor-spacer-inner\"><\/div>\n\t\t<\/div>\n\t\t\t\t<\/div>\n\t\t\t\t<\/div>\n\t\t\t\t<div class=\"elementor-element elementor-element-1f2eb9ae elementor-widget elementor-widget-image\" data-id=\"1f2eb9ae\" data-element_type=\"widget\" data-widget_type=\"image.default\">\n\t\t\t\t<div class=\"elementor-widget-container\">\n\t\t\t\t\t\t\t\t\t\t\t\t\t\t\t<img decoding=\"async\" width=\"75\" height=\"75\" src=\"https:\/\/www.wasabedden.se\/wp-content\/uploads\/2023\/12\/wasa-logo-1.jpg\" class=\"attachment-large size-large wp-image-492\" alt=\"\" \/>\t\t\t\t\t\t\t\t\t\t\t\t\t\t\t<\/div>\n\t\t\t\t<\/div>\n\t\t\t\t<div class=\"elementor-element elementor-element-4d3a460c elementor-widget elementor-widget-spacer\" data-id=\"4d3a460c\" data-element_type=\"widget\" data-widget_type=\"spacer.default\">\n\t\t\t\t<div class=\"elementor-widget-container\">\n\t\t\t\t\t<div class=\"elementor-spacer\">\n\t\t\t<div class=\"elementor-spacer-inner\"><\/div>\n\t\t<\/div>\n\t\t\t\t<\/div>\n\t\t\t\t<\/div>\n\t\t\t\t<div class=\"elementor-element elementor-element-4f4d380 elementor-widget elementor-widget-text-editor\" data-id=\"4f4d380\" data-element_type=\"widget\" data-widget_type=\"text-editor.default\">\n\t\t\t\t<div class=\"elementor-widget-container\">\n\t\t\t<style>\/*! elementor - v3.18.0 - 04-12-2023 *\/\n.elementor-widget-text-editor.elementor-drop-cap-view-stacked .elementor-drop-cap{background-color:#69727d;color:#fff}.elementor-widget-text-editor.elementor-drop-cap-view-framed .elementor-drop-cap{color:#69727d;border:3px solid;background-color:transparent}.elementor-widget-text-editor:not(.elementor-drop-cap-view-default) .elementor-drop-cap{margin-top:8px}.elementor-widget-text-editor:not(.elementor-drop-cap-view-default) .elementor-drop-cap-letter{width:1em;height:1em}.elementor-widget-text-editor .elementor-drop-cap{float:left;text-align:center;line-height:1;font-size:50px}.elementor-widget-text-editor .elementor-drop-cap-letter{display:inline-block}<\/style>\t\t\t\t<p>Evertsberg \u00e4r en v\u00e4ndbar res\u00e5rmadrass med Pocket-springres\u00e5rer och kl\u00e4dd i designat h\u00f6gkvalitativt bolester, Linnea, med stretchspegel f\u00f6r b\u00e4sta f\u00f6ljsamhet.<\/p><p>S\u00e4ngen har stoppning av tagel och \u00e4r handpuskad.<\/p>\t\t\t\t\t\t<\/div>\n\t\t\t\t<\/div>\n\t\t\t\t<div class=\"elementor-element elementor-element-3a781943 elementor-widget elementor-widget-spacer\" data-id=\"3a781943\" data-element_type=\"widget\" data-widget_type=\"spacer.default\">\n\t\t\t\t<div class=\"elementor-widget-container\">\n\t\t\t\t\t<div class=\"elementor-spacer\">\n\t\t\t<div class=\"elementor-spacer-inner\"><\/div>\n\t\t<\/div>\n\t\t\t\t<\/div>\n\t\t\t\t<\/div>\n\t\t\t\t<div class=\"elementor-element elementor-element-144f4a9c elementor-widget elementor-widget-image\" data-id=\"144f4a9c\" data-element_type=\"widget\" data-widget_type=\"image.default\">\n\t\t\t\t<div class=\"elementor-widget-container\">\n\t\t\t\t\t\t\t\t\t\t\t\t\t\t\t<img decoding=\"async\" width=\"740\" height=\"270\" src=\"https:\/\/www.wasabedden.se\/wp-content\/uploads\/2023\/12\/everts-mont-1440x525-1-1024x373.jpg\" class=\"attachment-large size-large wp-image-259\" alt=\"\" srcset=\"https:\/\/www.wasabedden.se\/wp-content\/uploads\/2023\/12\/everts-mont-1440x525-1-1024x373.jpg 1024w, https:\/\/www.wasabedden.se\/wp-content\/uploads\/2023\/12\/everts-mont-1440x525-1-300x109.jpg 300w, https:\/\/www.wasabedden.se\/wp-content\/uploads\/2023\/12\/everts-mont-1440x525-1-768x280.jpg 768w, https:\/\/www.wasabedden.se\/wp-content\/uploads\/2023\/12\/everts-mont-1440x525-1.jpg 1440w\" sizes=\"(max-width: 740px) 100vw, 740px\" \/>\t\t\t\t\t\t\t\t\t\t\t\t\t\t\t<\/div>\n\t\t\t\t<\/div>\n\t\t\t\t<div class=\"elementor-element elementor-element-2cc0ef6b elementor-widget elementor-widget-spacer\" data-id=\"2cc0ef6b\" data-element_type=\"widget\" data-widget_type=\"spacer.default\">\n\t\t\t\t<div class=\"elementor-widget-container\">\n\t\t\t\t\t<div class=\"elementor-spacer\">\n\t\t\t<div class=\"elementor-spacer-inner\"><\/div>\n\t\t<\/div>\n\t\t\t\t<\/div>\n\t\t\t\t<\/div>\n\t\t\t\t<div class=\"elementor-element elementor-element-10e253e9 elementor-widget elementor-widget-heading\" data-id=\"10e253e9\" data-element_type=\"widget\" data-widget_type=\"heading.default\">\n\t\t\t\t<div class=\"elementor-widget-container\">\n\t\t\t<h2 class=\"elementor-heading-title elementor-size-default\">Specifikationer<\/h2>\t\t<\/div>\n\t\t\t\t<\/div>\n\t\t\t\t<div class=\"elementor-element elementor-element-c39ba0b elementor-widget elementor-widget-text-editor\" data-id=\"c39ba0b\" data-element_type=\"widget\" data-widget_type=\"text-editor.default\">\n\t\t\t\t<div class=\"elementor-widget-container\">\n\t\t\t\t\t\t\t<p><strong>Fj\u00e4dersystem \u00f6vre\/nedre:<\/strong> Pocket-spring\/V\u00e4ndbar madrass<\/p><p><strong>Material, Stoppning:<\/strong> Tagel\/Ull, (Denna s\u00e4ng g\u00e5r \u00e4ven att best\u00e4lla med valfri stoppning)<\/p><p><strong>Kl\u00e4dsel:<\/strong> Linnea\/Stretchspegel<\/p>\t\t\t\t\t\t<\/div>\n\t\t\t\t<\/div>\n\t\t\t\t<div class=\"elementor-element elementor-element-1898b879 elementor-widget elementor-widget-text-editor\" data-id=\"1898b879\" data-element_type=\"widget\" data-widget_type=\"text-editor.default\">\n\t\t\t\t<div class=\"elementor-widget-container\">\n\t\t\t\t\t\t\t<h5><a href=\"http:\/\/www.wasabedden.se\/?page_id=17\"><span style=\"text-decoration: underline;\">L\u00c4S MER OM MATERIALEN VI ANV\u00c4NDER H\u00c4R<\/span><\/a><\/h5>\t\t\t\t\t\t<\/div>\n\t\t\t\t<\/div>\n\t\t\t\t<div class=\"elementor-element elementor-element-615184ce elementor-widget elementor-widget-spacer\" data-id=\"615184ce\" data-element_type=\"widget\" data-widget_type=\"spacer.default\">\n\t\t\t\t<div class=\"elementor-widget-container\">\n\t\t\t\t\t<div class=\"elementor-spacer\">\n\t\t\t<div class=\"elementor-spacer-inner\"><\/div>\n\t\t<\/div>\n\t\t\t\t<\/div>\n\t\t\t\t<\/div>\n\t\t\t\t<div class=\"elementor-element elementor-element-60c905c8 elementor-widget elementor-widget-image\" data-id=\"60c905c8\" data-element_type=\"widget\" data-widget_type=\"image.default\">\n\t\t\t\t<div class=\"elementor-widget-container\">\n\t\t\t\t\t\t\t\t\t\t\t\t\t\t\t<img decoding=\"async\" width=\"75\" height=\"75\" src=\"https:\/\/www.wasabedden.se\/wp-content\/uploads\/2023\/12\/wasa-logo-1.jpg\" class=\"attachment-large size-large wp-image-492\" alt=\"\" \/>\t\t\t\t\t\t\t\t\t\t\t\t\t\t\t<\/div>\n\t\t\t\t<\/div>\n\t\t\t\t<div class=\"elementor-element elementor-element-519d7e66 elementor-widget elementor-widget-spacer\" data-id=\"519d7e66\" data-element_type=\"widget\" data-widget_type=\"spacer.default\">\n\t\t\t\t<div class=\"elementor-widget-container\">\n\t\t\t\t\t<div class=\"elementor-spacer\">\n\t\t\t<div class=\"elementor-spacer-inner\"><\/div>\n\t\t<\/div>\n\t\t\t\t<\/div>\n\t\t\t\t<\/div>\n\t\t\t\t<div class=\"elementor-element elementor-element-235ee097 elementor-widget elementor-widget-heading\" data-id=\"235ee097\" data-element_type=\"widget\" data-widget_type=\"heading.default\">\n\t\t\t\t<div class=\"elementor-widget-container\">\n\t\t\t<h2 class=\"elementor-heading-title elementor-size-default\">Inga gr\u00e4nser:<\/h2>\t\t<\/div>\n\t\t\t\t<\/div>\n\t\t\t\t<div class=\"elementor-element elementor-element-70960bad elementor-widget elementor-widget-text-editor\" data-id=\"70960bad\" data-element_type=\"widget\" data-widget_type=\"text-editor.default\">\n\t\t\t\t<div class=\"elementor-widget-container\">\n\t\t\t\t\t\t\t<p>Hos oss kan du givetvis f\u00e5 alla v\u00e5ra s\u00e4ngar och madrasser stoppade i m\u00e5nga olika material, med olika fasthet och kl\u00e4dda i v\u00e5ra olika tyger.<\/p><p>Kombinera precis som du vill.<\/p><p>God s\u00f6mn \u00e4r v\u00e5rt m\u00e5l.<\/p>\t\t\t\t\t\t<\/div>\n\t\t\t\t<\/div>\n\t\t\t\t\t<\/div>\n\t\t\t\t<\/div>\n\t\t\t\t\t\t\t<\/div>\n\t\t","protected":false},"excerpt":{"rendered":"<p>EVERTSBERG Evertsberg \u00e4r en v\u00e4ndbar res\u00e5rmadrass med Pocket-springres\u00e5rer och kl\u00e4dd i designat h\u00f6gkvalitativt bolester, Linnea, med stretchspegel f\u00f6r b\u00e4sta f\u00f6ljsamhet. S\u00e4ngen har stoppning av tagel och \u00e4r handpuskad. Specifikationer Fj\u00e4dersystem \u00f6vre\/nedre: Pocket-spring\/V\u00e4ndbar madrass Material, Stoppning: Tagel\/Ull, (Denna s\u00e4ng g\u00e5r \u00e4ven att best\u00e4lla med valfri stoppning) Kl\u00e4dsel: Linnea\/Stretchspegel L\u00c4S MER OM MATERIALEN VI ANV\u00c4NDER H\u00c4R Inga [&hellip;]<\/p>\n","protected":false},"author":1,"featured_media":0,"parent":0,"menu_order":0,"comment_status":"closed","ping_status":"closed","template":"","meta":{"footnotes":""},"class_list":["post-11","page","type-page","status-publish","hentry"],"_links":{"self":[{"href":"https:\/\/www.wasabedden.se\/index.php?rest_route=\/wp\/v2\/pages\/11","targetHints":{"allow":["GET"]}}],"collection":[{"href":"https:\/\/www.wasabedden.se\/index.php?rest_route=\/wp\/v2\/pages"}],"about":[{"href":"https:\/\/www.wasabedden.se\/index.php?rest_route=\/wp\/v2\/types\/page"}],"author":[{"embeddable":true,"href":"https:\/\/www.wasabedden.se\/index.php?rest_route=\/wp\/v2\/users\/1"}],"replies":[{"embeddable":true,"href":"https:\/\/www.wasabedden.se\/index.php?rest_route=%2Fwp%2Fv2%2Fcomments&post=11"}],"version-history":[{"count":4,"href":"https:\/\/www.wasabedden.se\/index.php?rest_route=\/wp\/v2\/pages\/11\/revisions"}],"predecessor-version":[{"id":795,"href":"https:\/\/www.wasabedden.se\/index.php?rest_route=\/wp\/v2\/pages\/11\/revisions\/795"}],"wp:attachment":[{"href":"https:\/\/www.wasabedden.se\/index.php?rest_route=%2Fwp%2Fv2%2Fmedia&parent=11"}],"curies":[{"name":"wp","href":"https:\/\/api.w.org\/{rel}","templated":true}]}}