{"id":27,"date":"2023-12-05T09:06:56","date_gmt":"2023-12-05T08:06:56","guid":{"rendered":"http:\/\/www.wasabedden.se\/?page_id=27"},"modified":"2023-12-13T09:05:03","modified_gmt":"2023-12-13T08:05:03","slug":"salen-tagel","status":"publish","type":"page","link":"https:\/\/www.wasabedden.se\/?page_id=27","title":{"rendered":"S\u00c4LEN TAGEL"},"content":{"rendered":"\t\t<div data-elementor-type=\"wp-page\" data-elementor-id=\"27\" class=\"elementor elementor-27\">\n\t\t\t\t\t\t\t<div class=\"elementor-element elementor-element-484ebfb6 e-flex e-con-boxed e-con e-parent\" data-id=\"484ebfb6\" data-element_type=\"container\" data-settings=\"{&quot;content_width&quot;:&quot;boxed&quot;}\" data-core-v316-plus=\"true\">\n\t\t\t\t\t<div class=\"e-con-inner\">\n\t\t\t\t<div class=\"elementor-element elementor-element-3d7974 elementor-widget elementor-widget-spacer\" data-id=\"3d7974\" data-element_type=\"widget\" data-widget_type=\"spacer.default\">\n\t\t\t\t<div class=\"elementor-widget-container\">\n\t\t\t<style>\/*! elementor - v3.18.0 - 04-12-2023 *\/\n.elementor-column .elementor-spacer-inner{height:var(--spacer-size)}.e-con{--container-widget-width:100%}.e-con-inner>.elementor-widget-spacer,.e-con>.elementor-widget-spacer{width:var(--container-widget-width,var(--spacer-size));--align-self:var(--container-widget-align-self,initial);--flex-shrink:0}.e-con-inner>.elementor-widget-spacer>.elementor-widget-container,.e-con>.elementor-widget-spacer>.elementor-widget-container{height:100%;width:100%}.e-con-inner>.elementor-widget-spacer>.elementor-widget-container>.elementor-spacer,.e-con>.elementor-widget-spacer>.elementor-widget-container>.elementor-spacer{height:100%}.e-con-inner>.elementor-widget-spacer>.elementor-widget-container>.elementor-spacer>.elementor-spacer-inner,.e-con>.elementor-widget-spacer>.elementor-widget-container>.elementor-spacer>.elementor-spacer-inner{height:var(--container-widget-height,var(--spacer-size))}.e-con-inner>.elementor-widget-spacer.elementor-widget-empty,.e-con>.elementor-widget-spacer.elementor-widget-empty{position:relative;min-height:22px;min-width:22px}.e-con-inner>.elementor-widget-spacer.elementor-widget-empty .elementor-widget-empty-icon,.e-con>.elementor-widget-spacer.elementor-widget-empty .elementor-widget-empty-icon{position:absolute;top:0;bottom:0;left:0;right:0;margin:auto;padding:0;width:22px;height:22px}<\/style>\t\t<div class=\"elementor-spacer\">\n\t\t\t<div class=\"elementor-spacer-inner\"><\/div>\n\t\t<\/div>\n\t\t\t\t<\/div>\n\t\t\t\t<\/div>\n\t\t\t\t<div class=\"elementor-element elementor-element-52163003 elementor-widget elementor-widget-image\" data-id=\"52163003\" data-element_type=\"widget\" data-widget_type=\"image.default\">\n\t\t\t\t<div class=\"elementor-widget-container\">\n\t\t\t<style>\/*! elementor - v3.18.0 - 04-12-2023 *\/\n.elementor-widget-image{text-align:center}.elementor-widget-image a{display:inline-block}.elementor-widget-image a img[src$=\".svg\"]{width:48px}.elementor-widget-image img{vertical-align:middle;display:inline-block}<\/style>\t\t\t\t\t\t\t\t\t\t\t\t<img fetchpriority=\"high\" decoding=\"async\" width=\"740\" height=\"405\" src=\"https:\/\/www.wasabedden.se\/wp-content\/uploads\/2023\/12\/BILD_04-utan-bak-1440x787-1-1024x560.jpg\" class=\"attachment-large size-large wp-image-163\" alt=\"\" srcset=\"https:\/\/www.wasabedden.se\/wp-content\/uploads\/2023\/12\/BILD_04-utan-bak-1440x787-1-1024x560.jpg 1024w, https:\/\/www.wasabedden.se\/wp-content\/uploads\/2023\/12\/BILD_04-utan-bak-1440x787-1-300x164.jpg 300w, https:\/\/www.wasabedden.se\/wp-content\/uploads\/2023\/12\/BILD_04-utan-bak-1440x787-1-768x420.jpg 768w, https:\/\/www.wasabedden.se\/wp-content\/uploads\/2023\/12\/BILD_04-utan-bak-1440x787-1.jpg 1440w\" sizes=\"(max-width: 740px) 100vw, 740px\" \/>\t\t\t\t\t\t\t\t\t\t\t\t\t\t\t<\/div>\n\t\t\t\t<\/div>\n\t\t\t\t<div class=\"elementor-element elementor-element-6a50e648 elementor-widget elementor-widget-spacer\" data-id=\"6a50e648\" data-element_type=\"widget\" data-widget_type=\"spacer.default\">\n\t\t\t\t<div class=\"elementor-widget-container\">\n\t\t\t\t\t<div class=\"elementor-spacer\">\n\t\t\t<div class=\"elementor-spacer-inner\"><\/div>\n\t\t<\/div>\n\t\t\t\t<\/div>\n\t\t\t\t<\/div>\n\t\t\t\t<div class=\"elementor-element elementor-element-1a59315f elementor-widget elementor-widget-heading\" data-id=\"1a59315f\" data-element_type=\"widget\" data-widget_type=\"heading.default\">\n\t\t\t\t<div class=\"elementor-widget-container\">\n\t\t\t<style>\/*! elementor - v3.18.0 - 04-12-2023 *\/\n.elementor-heading-title{padding:0;margin:0;line-height:1}.elementor-widget-heading .elementor-heading-title[class*=elementor-size-]>a{color:inherit;font-size:inherit;line-height:inherit}.elementor-widget-heading .elementor-heading-title.elementor-size-small{font-size:15px}.elementor-widget-heading .elementor-heading-title.elementor-size-medium{font-size:19px}.elementor-widget-heading .elementor-heading-title.elementor-size-large{font-size:29px}.elementor-widget-heading .elementor-heading-title.elementor-size-xl{font-size:39px}.elementor-widget-heading .elementor-heading-title.elementor-size-xxl{font-size:59px}<\/style><h2 class=\"elementor-heading-title elementor-size-default\">S\u00c4LEN TAGEL<\/h2>\t\t<\/div>\n\t\t\t\t<\/div>\n\t\t\t\t<div class=\"elementor-element elementor-element-123f8ecb elementor-widget elementor-widget-spacer\" data-id=\"123f8ecb\" data-element_type=\"widget\" data-widget_type=\"spacer.default\">\n\t\t\t\t<div class=\"elementor-widget-container\">\n\t\t\t\t\t<div class=\"elementor-spacer\">\n\t\t\t<div class=\"elementor-spacer-inner\"><\/div>\n\t\t<\/div>\n\t\t\t\t<\/div>\n\t\t\t\t<\/div>\n\t\t\t\t<div class=\"elementor-element elementor-element-7043a999 elementor-widget elementor-widget-image\" data-id=\"7043a999\" data-element_type=\"widget\" data-widget_type=\"image.default\">\n\t\t\t\t<div class=\"elementor-widget-container\">\n\t\t\t\t\t\t\t\t\t\t\t\t\t\t\t<img decoding=\"async\" width=\"75\" height=\"75\" src=\"https:\/\/www.wasabedden.se\/wp-content\/uploads\/2023\/12\/wasa-logo-1.jpg\" class=\"attachment-large size-large wp-image-492\" alt=\"\" \/>\t\t\t\t\t\t\t\t\t\t\t\t\t\t\t<\/div>\n\t\t\t\t<\/div>\n\t\t\t\t<div class=\"elementor-element elementor-element-723a706c elementor-widget elementor-widget-spacer\" data-id=\"723a706c\" data-element_type=\"widget\" data-widget_type=\"spacer.default\">\n\t\t\t\t<div class=\"elementor-widget-container\">\n\t\t\t\t\t<div class=\"elementor-spacer\">\n\t\t\t<div class=\"elementor-spacer-inner\"><\/div>\n\t\t<\/div>\n\t\t\t\t<\/div>\n\t\t\t\t<\/div>\n\t\t\t\t<div class=\"elementor-element elementor-element-5e66a414 elementor-widget elementor-widget-text-editor\" data-id=\"5e66a414\" data-element_type=\"widget\" data-widget_type=\"text-editor.default\">\n\t\t\t\t<div class=\"elementor-widget-container\">\n\t\t\t<style>\/*! elementor - v3.18.0 - 04-12-2023 *\/\n.elementor-widget-text-editor.elementor-drop-cap-view-stacked .elementor-drop-cap{background-color:#69727d;color:#fff}.elementor-widget-text-editor.elementor-drop-cap-view-framed .elementor-drop-cap{color:#69727d;border:3px solid;background-color:transparent}.elementor-widget-text-editor:not(.elementor-drop-cap-view-default) .elementor-drop-cap{margin-top:8px}.elementor-widget-text-editor:not(.elementor-drop-cap-view-default) .elementor-drop-cap-letter{width:1em;height:1em}.elementor-widget-text-editor .elementor-drop-cap{float:left;text-align:center;line-height:1;font-size:50px}.elementor-widget-text-editor .elementor-drop-cap-letter{display:inline-block}<\/style>\t\t\t\t<p>S\u00e4len Tagel har stoppning av tagel med en \u00f6verk\u00e4rna av Pocket-springres\u00e5r och en underk\u00e4rna av bonellres\u00e5r.<\/p><p>S\u00e4ngen \u00e4r byggd p\u00e5 svensk fururam och kl\u00e4dd i designat h\u00f6gkvalitetsbolster, Linnea.<\/p><p>P\u00e5 s\u00e4ngen ligger en b\u00e4ddmadrass \u2013 Linnea puskad Tagel.<\/p>\t\t\t\t\t\t<\/div>\n\t\t\t\t<\/div>\n\t\t\t\t<div class=\"elementor-element elementor-element-409c131f elementor-widget elementor-widget-spacer\" data-id=\"409c131f\" data-element_type=\"widget\" data-widget_type=\"spacer.default\">\n\t\t\t\t<div class=\"elementor-widget-container\">\n\t\t\t\t\t<div class=\"elementor-spacer\">\n\t\t\t<div class=\"elementor-spacer-inner\"><\/div>\n\t\t<\/div>\n\t\t\t\t<\/div>\n\t\t\t\t<\/div>\n\t\t\t\t<div class=\"elementor-element elementor-element-35b1d457 elementor-widget elementor-widget-image\" data-id=\"35b1d457\" data-element_type=\"widget\" data-widget_type=\"image.default\">\n\t\t\t\t<div class=\"elementor-widget-container\">\n\t\t\t\t\t\t\t\t\t\t\t\t\t\t\t<img decoding=\"async\" width=\"740\" height=\"270\" src=\"https:\/\/www.wasabedden.se\/wp-content\/uploads\/2023\/12\/tillverk-tagelo-1440x525-1-1024x373.jpg\" class=\"attachment-large size-large wp-image-459\" alt=\"\" srcset=\"https:\/\/www.wasabedden.se\/wp-content\/uploads\/2023\/12\/tillverk-tagelo-1440x525-1-1024x373.jpg 1024w, https:\/\/www.wasabedden.se\/wp-content\/uploads\/2023\/12\/tillverk-tagelo-1440x525-1-300x109.jpg 300w, https:\/\/www.wasabedden.se\/wp-content\/uploads\/2023\/12\/tillverk-tagelo-1440x525-1-768x280.jpg 768w, https:\/\/www.wasabedden.se\/wp-content\/uploads\/2023\/12\/tillverk-tagelo-1440x525-1.jpg 1440w\" sizes=\"(max-width: 740px) 100vw, 740px\" \/>\t\t\t\t\t\t\t\t\t\t\t\t\t\t\t<\/div>\n\t\t\t\t<\/div>\n\t\t\t\t<div class=\"elementor-element elementor-element-3027efb4 elementor-widget elementor-widget-spacer\" data-id=\"3027efb4\" data-element_type=\"widget\" data-widget_type=\"spacer.default\">\n\t\t\t\t<div class=\"elementor-widget-container\">\n\t\t\t\t\t<div class=\"elementor-spacer\">\n\t\t\t<div class=\"elementor-spacer-inner\"><\/div>\n\t\t<\/div>\n\t\t\t\t<\/div>\n\t\t\t\t<\/div>\n\t\t\t\t<div class=\"elementor-element elementor-element-6f4c7f64 elementor-widget elementor-widget-heading\" data-id=\"6f4c7f64\" data-element_type=\"widget\" data-widget_type=\"heading.default\">\n\t\t\t\t<div class=\"elementor-widget-container\">\n\t\t\t<h2 class=\"elementor-heading-title elementor-size-default\">Specifikationer<\/h2>\t\t<\/div>\n\t\t\t\t<\/div>\n\t\t\t\t<div class=\"elementor-element elementor-element-6e2f13c1 elementor-widget elementor-widget-text-editor\" data-id=\"6e2f13c1\" data-element_type=\"widget\" data-widget_type=\"text-editor.default\">\n\t\t\t\t<div class=\"elementor-widget-container\">\n\t\t\t\t\t\t\t<p><strong>Fj\u00e4dersystem \u00f6vre\/nedre:<\/strong> Pocket-spring\/Bonell<\/p><p><strong>Material, Stoppning:<\/strong> Tagel\/Ull<\/p><p><strong>Kl\u00e4dsel:<\/strong> Linnea\/Stretchspegel<\/p>\t\t\t\t\t\t<\/div>\n\t\t\t\t<\/div>\n\t\t\t\t<div class=\"elementor-element elementor-element-62ec8911 elementor-widget elementor-widget-text-editor\" data-id=\"62ec8911\" data-element_type=\"widget\" data-widget_type=\"text-editor.default\">\n\t\t\t\t<div class=\"elementor-widget-container\">\n\t\t\t\t\t\t\t<h5><a href=\"http:\/\/www.wasabedden.se\/?page_id=17\"><span style=\"text-decoration: underline;\">L\u00c4S MER OM MATERIALEN VI ANV\u00c4NDER H\u00c4R<\/span><\/a><\/h5>\t\t\t\t\t\t<\/div>\n\t\t\t\t<\/div>\n\t\t\t\t<div class=\"elementor-element elementor-element-5937b1eb elementor-widget elementor-widget-spacer\" data-id=\"5937b1eb\" data-element_type=\"widget\" data-widget_type=\"spacer.default\">\n\t\t\t\t<div class=\"elementor-widget-container\">\n\t\t\t\t\t<div class=\"elementor-spacer\">\n\t\t\t<div class=\"elementor-spacer-inner\"><\/div>\n\t\t<\/div>\n\t\t\t\t<\/div>\n\t\t\t\t<\/div>\n\t\t\t\t<div class=\"elementor-element elementor-element-461a250e elementor-widget elementor-widget-image\" data-id=\"461a250e\" data-element_type=\"widget\" data-widget_type=\"image.default\">\n\t\t\t\t<div class=\"elementor-widget-container\">\n\t\t\t\t\t\t\t\t\t\t\t\t\t\t\t<img decoding=\"async\" width=\"75\" height=\"75\" src=\"https:\/\/www.wasabedden.se\/wp-content\/uploads\/2023\/12\/wasa-logo-1.jpg\" class=\"attachment-large size-large wp-image-492\" alt=\"\" \/>\t\t\t\t\t\t\t\t\t\t\t\t\t\t\t<\/div>\n\t\t\t\t<\/div>\n\t\t\t\t<div class=\"elementor-element elementor-element-1a2687be elementor-widget elementor-widget-spacer\" data-id=\"1a2687be\" data-element_type=\"widget\" data-widget_type=\"spacer.default\">\n\t\t\t\t<div class=\"elementor-widget-container\">\n\t\t\t\t\t<div class=\"elementor-spacer\">\n\t\t\t<div class=\"elementor-spacer-inner\"><\/div>\n\t\t<\/div>\n\t\t\t\t<\/div>\n\t\t\t\t<\/div>\n\t\t\t\t<div class=\"elementor-element elementor-element-48c97ba0 elementor-widget elementor-widget-heading\" data-id=\"48c97ba0\" data-element_type=\"widget\" data-widget_type=\"heading.default\">\n\t\t\t\t<div class=\"elementor-widget-container\">\n\t\t\t<h2 class=\"elementor-heading-title elementor-size-default\">Inga gr\u00e4nser:<\/h2>\t\t<\/div>\n\t\t\t\t<\/div>\n\t\t\t\t<div class=\"elementor-element elementor-element-2df74e6e elementor-widget elementor-widget-text-editor\" data-id=\"2df74e6e\" data-element_type=\"widget\" data-widget_type=\"text-editor.default\">\n\t\t\t\t<div class=\"elementor-widget-container\">\n\t\t\t\t\t\t\t<p>Hos oss kan du givetvis f\u00e5 alla v\u00e5ra s\u00e4ngar och madrasser stoppade i m\u00e5nga olika material, med olika fasthet och kl\u00e4dda i v\u00e5ra olika tyger.<\/p><p>Kombinera precis som du vill.<\/p><p>God s\u00f6mn \u00e4r v\u00e5rt m\u00e5l.<\/p>\t\t\t\t\t\t<\/div>\n\t\t\t\t<\/div>\n\t\t\t\t\t<\/div>\n\t\t\t\t<\/div>\n\t\t\t\t\t\t\t<\/div>\n\t\t","protected":false},"excerpt":{"rendered":"<p>S\u00c4LEN TAGEL S\u00e4len Tagel har stoppning av tagel med en \u00f6verk\u00e4rna av Pocket-springres\u00e5r och en underk\u00e4rna av bonellres\u00e5r. S\u00e4ngen \u00e4r byggd p\u00e5 svensk fururam och kl\u00e4dd i designat h\u00f6gkvalitetsbolster, Linnea. P\u00e5 s\u00e4ngen ligger en b\u00e4ddmadrass \u2013 Linnea puskad Tagel. Specifikationer Fj\u00e4dersystem \u00f6vre\/nedre: Pocket-spring\/Bonell Material, Stoppning: Tagel\/Ull Kl\u00e4dsel: Linnea\/Stretchspegel L\u00c4S MER OM MATERIALEN VI ANV\u00c4NDER H\u00c4R [&hellip;]<\/p>\n","protected":false},"author":1,"featured_media":0,"parent":0,"menu_order":0,"comment_status":"closed","ping_status":"closed","template":"","meta":{"footnotes":""},"class_list":["post-27","page","type-page","status-publish","hentry"],"_links":{"self":[{"href":"https:\/\/www.wasabedden.se\/index.php?rest_route=\/wp\/v2\/pages\/27","targetHints":{"allow":["GET"]}}],"collection":[{"href":"https:\/\/www.wasabedden.se\/index.php?rest_route=\/wp\/v2\/pages"}],"about":[{"href":"https:\/\/www.wasabedden.se\/index.php?rest_route=\/wp\/v2\/types\/page"}],"author":[{"embeddable":true,"href":"https:\/\/www.wasabedden.se\/index.php?rest_route=\/wp\/v2\/users\/1"}],"replies":[{"embeddable":true,"href":"https:\/\/www.wasabedden.se\/index.php?rest_route=%2Fwp%2Fv2%2Fcomments&post=27"}],"version-history":[{"count":4,"href":"https:\/\/www.wasabedden.se\/index.php?rest_route=\/wp\/v2\/pages\/27\/revisions"}],"predecessor-version":[{"id":779,"href":"https:\/\/www.wasabedden.se\/index.php?rest_route=\/wp\/v2\/pages\/27\/revisions\/779"}],"wp:attachment":[{"href":"https:\/\/www.wasabedden.se\/index.php?rest_route=%2Fwp%2Fv2%2Fmedia&parent=27"}],"curies":[{"name":"wp","href":"https:\/\/api.w.org\/{rel}","templated":true}]}}