{"id":31,"date":"2023-12-05T09:07:27","date_gmt":"2023-12-05T08:07:27","guid":{"rendered":"http:\/\/www.wasabedden.se\/?page_id=31"},"modified":"2023-12-13T09:08:29","modified_gmt":"2023-12-13T08:08:29","slug":"smagan","status":"publish","type":"page","link":"https:\/\/www.wasabedden.se\/?page_id=31","title":{"rendered":"SM\u00c5GAN"},"content":{"rendered":"\t\t<div data-elementor-type=\"wp-page\" data-elementor-id=\"31\" class=\"elementor elementor-31\">\n\t\t\t\t\t\t\t<div class=\"elementor-element elementor-element-3f5ec42a e-flex e-con-boxed e-con e-parent\" data-id=\"3f5ec42a\" data-element_type=\"container\" data-settings=\"{&quot;content_width&quot;:&quot;boxed&quot;}\" data-core-v316-plus=\"true\">\n\t\t\t\t\t<div class=\"e-con-inner\">\n\t\t\t\t<div class=\"elementor-element elementor-element-158d21f3 elementor-widget elementor-widget-spacer\" data-id=\"158d21f3\" data-element_type=\"widget\" data-widget_type=\"spacer.default\">\n\t\t\t\t<div class=\"elementor-widget-container\">\n\t\t\t<style>\/*! elementor - v3.18.0 - 04-12-2023 *\/\n.elementor-column .elementor-spacer-inner{height:var(--spacer-size)}.e-con{--container-widget-width:100%}.e-con-inner>.elementor-widget-spacer,.e-con>.elementor-widget-spacer{width:var(--container-widget-width,var(--spacer-size));--align-self:var(--container-widget-align-self,initial);--flex-shrink:0}.e-con-inner>.elementor-widget-spacer>.elementor-widget-container,.e-con>.elementor-widget-spacer>.elementor-widget-container{height:100%;width:100%}.e-con-inner>.elementor-widget-spacer>.elementor-widget-container>.elementor-spacer,.e-con>.elementor-widget-spacer>.elementor-widget-container>.elementor-spacer{height:100%}.e-con-inner>.elementor-widget-spacer>.elementor-widget-container>.elementor-spacer>.elementor-spacer-inner,.e-con>.elementor-widget-spacer>.elementor-widget-container>.elementor-spacer>.elementor-spacer-inner{height:var(--container-widget-height,var(--spacer-size))}.e-con-inner>.elementor-widget-spacer.elementor-widget-empty,.e-con>.elementor-widget-spacer.elementor-widget-empty{position:relative;min-height:22px;min-width:22px}.e-con-inner>.elementor-widget-spacer.elementor-widget-empty .elementor-widget-empty-icon,.e-con>.elementor-widget-spacer.elementor-widget-empty .elementor-widget-empty-icon{position:absolute;top:0;bottom:0;left:0;right:0;margin:auto;padding:0;width:22px;height:22px}<\/style>\t\t<div class=\"elementor-spacer\">\n\t\t\t<div class=\"elementor-spacer-inner\"><\/div>\n\t\t<\/div>\n\t\t\t\t<\/div>\n\t\t\t\t<\/div>\n\t\t\t\t<div class=\"elementor-element elementor-element-4121a454 elementor-widget elementor-widget-image\" data-id=\"4121a454\" data-element_type=\"widget\" data-widget_type=\"image.default\">\n\t\t\t\t<div class=\"elementor-widget-container\">\n\t\t\t<style>\/*! elementor - v3.18.0 - 04-12-2023 *\/\n.elementor-widget-image{text-align:center}.elementor-widget-image a{display:inline-block}.elementor-widget-image a img[src$=\".svg\"]{width:48px}.elementor-widget-image img{vertical-align:middle;display:inline-block}<\/style>\t\t\t\t\t\t\t\t\t\t\t\t<img fetchpriority=\"high\" decoding=\"async\" width=\"740\" height=\"324\" src=\"https:\/\/www.wasabedden.se\/wp-content\/uploads\/2023\/12\/Mangsbodarna-eller-Smagan-baddmadrass-Are-lyx-1440x630-1-1024x448.jpg\" class=\"attachment-large size-large wp-image-369\" alt=\"\" srcset=\"https:\/\/www.wasabedden.se\/wp-content\/uploads\/2023\/12\/Mangsbodarna-eller-Smagan-baddmadrass-Are-lyx-1440x630-1-1024x448.jpg 1024w, https:\/\/www.wasabedden.se\/wp-content\/uploads\/2023\/12\/Mangsbodarna-eller-Smagan-baddmadrass-Are-lyx-1440x630-1-300x131.jpg 300w, https:\/\/www.wasabedden.se\/wp-content\/uploads\/2023\/12\/Mangsbodarna-eller-Smagan-baddmadrass-Are-lyx-1440x630-1-768x336.jpg 768w, https:\/\/www.wasabedden.se\/wp-content\/uploads\/2023\/12\/Mangsbodarna-eller-Smagan-baddmadrass-Are-lyx-1440x630-1.jpg 1440w\" sizes=\"(max-width: 740px) 100vw, 740px\" \/>\t\t\t\t\t\t\t\t\t\t\t\t\t\t\t<\/div>\n\t\t\t\t<\/div>\n\t\t\t\t<div class=\"elementor-element elementor-element-63f0bb74 elementor-widget elementor-widget-spacer\" data-id=\"63f0bb74\" data-element_type=\"widget\" data-widget_type=\"spacer.default\">\n\t\t\t\t<div class=\"elementor-widget-container\">\n\t\t\t\t\t<div class=\"elementor-spacer\">\n\t\t\t<div class=\"elementor-spacer-inner\"><\/div>\n\t\t<\/div>\n\t\t\t\t<\/div>\n\t\t\t\t<\/div>\n\t\t\t\t<div class=\"elementor-element elementor-element-6e41406e elementor-widget elementor-widget-heading\" data-id=\"6e41406e\" data-element_type=\"widget\" data-widget_type=\"heading.default\">\n\t\t\t\t<div class=\"elementor-widget-container\">\n\t\t\t<style>\/*! elementor - v3.18.0 - 04-12-2023 *\/\n.elementor-heading-title{padding:0;margin:0;line-height:1}.elementor-widget-heading .elementor-heading-title[class*=elementor-size-]>a{color:inherit;font-size:inherit;line-height:inherit}.elementor-widget-heading .elementor-heading-title.elementor-size-small{font-size:15px}.elementor-widget-heading .elementor-heading-title.elementor-size-medium{font-size:19px}.elementor-widget-heading .elementor-heading-title.elementor-size-large{font-size:29px}.elementor-widget-heading .elementor-heading-title.elementor-size-xl{font-size:39px}.elementor-widget-heading .elementor-heading-title.elementor-size-xxl{font-size:59px}<\/style><h2 class=\"elementor-heading-title elementor-size-default\">SM\u00c5GAN<\/h2>\t\t<\/div>\n\t\t\t\t<\/div>\n\t\t\t\t<div class=\"elementor-element elementor-element-4957d0ad elementor-widget elementor-widget-spacer\" data-id=\"4957d0ad\" data-element_type=\"widget\" data-widget_type=\"spacer.default\">\n\t\t\t\t<div class=\"elementor-widget-container\">\n\t\t\t\t\t<div class=\"elementor-spacer\">\n\t\t\t<div class=\"elementor-spacer-inner\"><\/div>\n\t\t<\/div>\n\t\t\t\t<\/div>\n\t\t\t\t<\/div>\n\t\t\t\t<div class=\"elementor-element elementor-element-598b0068 elementor-widget elementor-widget-image\" data-id=\"598b0068\" data-element_type=\"widget\" data-widget_type=\"image.default\">\n\t\t\t\t<div class=\"elementor-widget-container\">\n\t\t\t\t\t\t\t\t\t\t\t\t\t\t\t<img decoding=\"async\" width=\"75\" height=\"75\" src=\"https:\/\/www.wasabedden.se\/wp-content\/uploads\/2023\/12\/wasa-logo-1.jpg\" class=\"attachment-large size-large wp-image-492\" alt=\"\" \/>\t\t\t\t\t\t\t\t\t\t\t\t\t\t\t<\/div>\n\t\t\t\t<\/div>\n\t\t\t\t<div class=\"elementor-element elementor-element-58dec1f0 elementor-widget elementor-widget-spacer\" data-id=\"58dec1f0\" data-element_type=\"widget\" data-widget_type=\"spacer.default\">\n\t\t\t\t<div class=\"elementor-widget-container\">\n\t\t\t\t\t<div class=\"elementor-spacer\">\n\t\t\t<div class=\"elementor-spacer-inner\"><\/div>\n\t\t<\/div>\n\t\t\t\t<\/div>\n\t\t\t\t<\/div>\n\t\t\t\t<div class=\"elementor-element elementor-element-4b4ca649 elementor-widget elementor-widget-text-editor\" data-id=\"4b4ca649\" data-element_type=\"widget\" data-widget_type=\"text-editor.default\">\n\t\t\t\t<div class=\"elementor-widget-container\">\n\t\t\t<style>\/*! elementor - v3.18.0 - 04-12-2023 *\/\n.elementor-widget-text-editor.elementor-drop-cap-view-stacked .elementor-drop-cap{background-color:#69727d;color:#fff}.elementor-widget-text-editor.elementor-drop-cap-view-framed .elementor-drop-cap{color:#69727d;border:3px solid;background-color:transparent}.elementor-widget-text-editor:not(.elementor-drop-cap-view-default) .elementor-drop-cap{margin-top:8px}.elementor-widget-text-editor:not(.elementor-drop-cap-view-default) .elementor-drop-cap-letter{width:1em;height:1em}.elementor-widget-text-editor .elementor-drop-cap{float:left;text-align:center;line-height:1;font-size:50px}.elementor-widget-text-editor .elementor-drop-cap-letter{display:inline-block}<\/style>\t\t\t\t<p>Sm\u00e5gan har stoppning av polyeter med en \u00f6verk\u00e4rna av Pocket-springres\u00e5rer och en underk\u00e4rna av bonellres\u00e5rer.<\/p><p>S\u00e4ngen \u00e4r byggd p\u00e5 en svensk fururam och kl\u00e4dd i kvalitetsbolester, \u00c5re Bl\u00e5.<\/p><p>P\u00e5 Sm\u00e5gan ligger en b\u00e4ddmadrass \u2013 \u00c5re Lyx.<\/p>\t\t\t\t\t\t<\/div>\n\t\t\t\t<\/div>\n\t\t\t\t<div class=\"elementor-element elementor-element-57e73e5d elementor-widget elementor-widget-spacer\" data-id=\"57e73e5d\" data-element_type=\"widget\" data-widget_type=\"spacer.default\">\n\t\t\t\t<div class=\"elementor-widget-container\">\n\t\t\t\t\t<div class=\"elementor-spacer\">\n\t\t\t<div class=\"elementor-spacer-inner\"><\/div>\n\t\t<\/div>\n\t\t\t\t<\/div>\n\t\t\t\t<\/div>\n\t\t\t\t<div class=\"elementor-element elementor-element-64c14ffc elementor-widget elementor-widget-image\" data-id=\"64c14ffc\" data-element_type=\"widget\" data-widget_type=\"image.default\">\n\t\t\t\t<div class=\"elementor-widget-container\">\n\t\t\t\t\t\t\t\t\t\t\t\t\t\t\t<img decoding=\"async\" width=\"740\" height=\"270\" src=\"https:\/\/www.wasabedden.se\/wp-content\/uploads\/2023\/12\/smagan-mont-1440x525-1-1024x373.jpg\" class=\"attachment-large size-large wp-image-453\" alt=\"\" srcset=\"https:\/\/www.wasabedden.se\/wp-content\/uploads\/2023\/12\/smagan-mont-1440x525-1-1024x373.jpg 1024w, https:\/\/www.wasabedden.se\/wp-content\/uploads\/2023\/12\/smagan-mont-1440x525-1-300x109.jpg 300w, https:\/\/www.wasabedden.se\/wp-content\/uploads\/2023\/12\/smagan-mont-1440x525-1-768x280.jpg 768w, https:\/\/www.wasabedden.se\/wp-content\/uploads\/2023\/12\/smagan-mont-1440x525-1.jpg 1440w\" sizes=\"(max-width: 740px) 100vw, 740px\" \/>\t\t\t\t\t\t\t\t\t\t\t\t\t\t\t<\/div>\n\t\t\t\t<\/div>\n\t\t\t\t<div class=\"elementor-element elementor-element-5309b21e elementor-widget elementor-widget-spacer\" data-id=\"5309b21e\" data-element_type=\"widget\" data-widget_type=\"spacer.default\">\n\t\t\t\t<div class=\"elementor-widget-container\">\n\t\t\t\t\t<div class=\"elementor-spacer\">\n\t\t\t<div class=\"elementor-spacer-inner\"><\/div>\n\t\t<\/div>\n\t\t\t\t<\/div>\n\t\t\t\t<\/div>\n\t\t\t\t<div class=\"elementor-element elementor-element-29ba9cde elementor-widget elementor-widget-heading\" data-id=\"29ba9cde\" data-element_type=\"widget\" data-widget_type=\"heading.default\">\n\t\t\t\t<div class=\"elementor-widget-container\">\n\t\t\t<h2 class=\"elementor-heading-title elementor-size-default\">Specifikationer<\/h2>\t\t<\/div>\n\t\t\t\t<\/div>\n\t\t\t\t<div class=\"elementor-element elementor-element-3b4074ce elementor-widget elementor-widget-text-editor\" data-id=\"3b4074ce\" data-element_type=\"widget\" data-widget_type=\"text-editor.default\">\n\t\t\t\t<div class=\"elementor-widget-container\">\n\t\t\t\t\t\t\t<p><strong>Fj\u00e4dersystem \u00f6vre\/nedre:<\/strong> Pocket-spring\/Bonell<\/p><p><strong>Material, Stoppning:<\/strong> Polyeter<\/p><p><strong>Kl\u00e4dsel:<\/strong> \u00c5re Bl\u00e5<\/p>\t\t\t\t\t\t<\/div>\n\t\t\t\t<\/div>\n\t\t\t\t<div class=\"elementor-element elementor-element-49738cfb elementor-widget elementor-widget-text-editor\" data-id=\"49738cfb\" data-element_type=\"widget\" data-widget_type=\"text-editor.default\">\n\t\t\t\t<div class=\"elementor-widget-container\">\n\t\t\t\t\t\t\t<h5><a href=\"http:\/\/www.wasabedden.se\/?page_id=17\"><span style=\"text-decoration: underline;\">L\u00c4S MER OM MATERIALEN VI ANV\u00c4NDER H\u00c4R<\/span><\/a><\/h5>\t\t\t\t\t\t<\/div>\n\t\t\t\t<\/div>\n\t\t\t\t<div class=\"elementor-element elementor-element-1d906007 elementor-widget elementor-widget-spacer\" data-id=\"1d906007\" data-element_type=\"widget\" data-widget_type=\"spacer.default\">\n\t\t\t\t<div class=\"elementor-widget-container\">\n\t\t\t\t\t<div class=\"elementor-spacer\">\n\t\t\t<div class=\"elementor-spacer-inner\"><\/div>\n\t\t<\/div>\n\t\t\t\t<\/div>\n\t\t\t\t<\/div>\n\t\t\t\t<div class=\"elementor-element elementor-element-1da80d7a elementor-widget elementor-widget-image\" data-id=\"1da80d7a\" data-element_type=\"widget\" data-widget_type=\"image.default\">\n\t\t\t\t<div class=\"elementor-widget-container\">\n\t\t\t\t\t\t\t\t\t\t\t\t\t\t\t<img decoding=\"async\" width=\"75\" height=\"75\" src=\"https:\/\/www.wasabedden.se\/wp-content\/uploads\/2023\/12\/wasa-logo-1.jpg\" class=\"attachment-large size-large wp-image-492\" alt=\"\" \/>\t\t\t\t\t\t\t\t\t\t\t\t\t\t\t<\/div>\n\t\t\t\t<\/div>\n\t\t\t\t<div class=\"elementor-element elementor-element-409fa119 elementor-widget elementor-widget-spacer\" data-id=\"409fa119\" data-element_type=\"widget\" data-widget_type=\"spacer.default\">\n\t\t\t\t<div class=\"elementor-widget-container\">\n\t\t\t\t\t<div class=\"elementor-spacer\">\n\t\t\t<div class=\"elementor-spacer-inner\"><\/div>\n\t\t<\/div>\n\t\t\t\t<\/div>\n\t\t\t\t<\/div>\n\t\t\t\t<div class=\"elementor-element elementor-element-3788262a elementor-widget elementor-widget-heading\" data-id=\"3788262a\" data-element_type=\"widget\" data-widget_type=\"heading.default\">\n\t\t\t\t<div class=\"elementor-widget-container\">\n\t\t\t<h2 class=\"elementor-heading-title elementor-size-default\">Inga gr\u00e4nser:<\/h2>\t\t<\/div>\n\t\t\t\t<\/div>\n\t\t\t\t<div class=\"elementor-element elementor-element-ab91f6b elementor-widget elementor-widget-text-editor\" data-id=\"ab91f6b\" data-element_type=\"widget\" data-widget_type=\"text-editor.default\">\n\t\t\t\t<div class=\"elementor-widget-container\">\n\t\t\t\t\t\t\t<p>Hos oss kan du givetvis f\u00e5 alla v\u00e5ra s\u00e4ngar och madrasser stoppade i m\u00e5nga olika material, med olika fasthet och kl\u00e4dda i v\u00e5ra olika tyger.<\/p><p>Kombinera precis som du vill.<\/p><p>God s\u00f6mn \u00e4r v\u00e5rt m\u00e5l.<\/p>\t\t\t\t\t\t<\/div>\n\t\t\t\t<\/div>\n\t\t\t\t\t<\/div>\n\t\t\t\t<\/div>\n\t\t\t\t\t\t\t<\/div>\n\t\t","protected":false},"excerpt":{"rendered":"<p>SM\u00c5GAN Sm\u00e5gan har stoppning av polyeter med en \u00f6verk\u00e4rna av Pocket-springres\u00e5rer och en underk\u00e4rna av bonellres\u00e5rer. S\u00e4ngen \u00e4r byggd p\u00e5 en svensk fururam och kl\u00e4dd i kvalitetsbolester, \u00c5re Bl\u00e5. P\u00e5 Sm\u00e5gan ligger en b\u00e4ddmadrass \u2013 \u00c5re Lyx. Specifikationer Fj\u00e4dersystem \u00f6vre\/nedre: Pocket-spring\/Bonell Material, Stoppning: Polyeter Kl\u00e4dsel: \u00c5re Bl\u00e5 L\u00c4S MER OM MATERIALEN VI ANV\u00c4NDER H\u00c4R Inga [&hellip;]<\/p>\n","protected":false},"author":1,"featured_media":0,"parent":0,"menu_order":0,"comment_status":"closed","ping_status":"closed","template":"","meta":{"footnotes":""},"class_list":["post-31","page","type-page","status-publish","hentry"],"_links":{"self":[{"href":"https:\/\/www.wasabedden.se\/index.php?rest_route=\/wp\/v2\/pages\/31","targetHints":{"allow":["GET"]}}],"collection":[{"href":"https:\/\/www.wasabedden.se\/index.php?rest_route=\/wp\/v2\/pages"}],"about":[{"href":"https:\/\/www.wasabedden.se\/index.php?rest_route=\/wp\/v2\/types\/page"}],"author":[{"embeddable":true,"href":"https:\/\/www.wasabedden.se\/index.php?rest_route=\/wp\/v2\/users\/1"}],"replies":[{"embeddable":true,"href":"https:\/\/www.wasabedden.se\/index.php?rest_route=%2Fwp%2Fv2%2Fcomments&post=31"}],"version-history":[{"count":4,"href":"https:\/\/www.wasabedden.se\/index.php?rest_route=\/wp\/v2\/pages\/31\/revisions"}],"predecessor-version":[{"id":783,"href":"https:\/\/www.wasabedden.se\/index.php?rest_route=\/wp\/v2\/pages\/31\/revisions\/783"}],"wp:attachment":[{"href":"https:\/\/www.wasabedden.se\/index.php?rest_route=%2Fwp%2Fv2%2Fmedia&parent=31"}],"curies":[{"name":"wp","href":"https:\/\/api.w.org\/{rel}","templated":true}]}}