{"id":33,"date":"2023-12-05T09:07:41","date_gmt":"2023-12-05T08:07:41","guid":{"rendered":"http:\/\/www.wasabedden.se\/?page_id=33"},"modified":"2023-12-11T11:15:12","modified_gmt":"2023-12-11T10:15:12","slug":"valj-ratt-sang","status":"publish","type":"page","link":"https:\/\/www.wasabedden.se\/?page_id=33","title":{"rendered":"V\u00c4LJ R\u00c4TT S\u00c4NG"},"content":{"rendered":"\t\t<div data-elementor-type=\"wp-page\" data-elementor-id=\"33\" class=\"elementor elementor-33\">\n\t\t\t\t\t\t\t<div class=\"elementor-element elementor-element-7e592c2 e-flex e-con-boxed e-con e-parent\" data-id=\"7e592c2\" data-element_type=\"container\" data-settings=\"{&quot;content_width&quot;:&quot;boxed&quot;}\" data-core-v316-plus=\"true\">\n\t\t\t\t\t<div class=\"e-con-inner\">\n\t\t\t\t<div class=\"elementor-element elementor-element-d7e77f1 elementor-widget elementor-widget-spacer\" data-id=\"d7e77f1\" data-element_type=\"widget\" data-widget_type=\"spacer.default\">\n\t\t\t\t<div class=\"elementor-widget-container\">\n\t\t\t<style>\/*! elementor - v3.18.0 - 04-12-2023 *\/\n.elementor-column .elementor-spacer-inner{height:var(--spacer-size)}.e-con{--container-widget-width:100%}.e-con-inner>.elementor-widget-spacer,.e-con>.elementor-widget-spacer{width:var(--container-widget-width,var(--spacer-size));--align-self:var(--container-widget-align-self,initial);--flex-shrink:0}.e-con-inner>.elementor-widget-spacer>.elementor-widget-container,.e-con>.elementor-widget-spacer>.elementor-widget-container{height:100%;width:100%}.e-con-inner>.elementor-widget-spacer>.elementor-widget-container>.elementor-spacer,.e-con>.elementor-widget-spacer>.elementor-widget-container>.elementor-spacer{height:100%}.e-con-inner>.elementor-widget-spacer>.elementor-widget-container>.elementor-spacer>.elementor-spacer-inner,.e-con>.elementor-widget-spacer>.elementor-widget-container>.elementor-spacer>.elementor-spacer-inner{height:var(--container-widget-height,var(--spacer-size))}.e-con-inner>.elementor-widget-spacer.elementor-widget-empty,.e-con>.elementor-widget-spacer.elementor-widget-empty{position:relative;min-height:22px;min-width:22px}.e-con-inner>.elementor-widget-spacer.elementor-widget-empty .elementor-widget-empty-icon,.e-con>.elementor-widget-spacer.elementor-widget-empty .elementor-widget-empty-icon{position:absolute;top:0;bottom:0;left:0;right:0;margin:auto;padding:0;width:22px;height:22px}<\/style>\t\t<div class=\"elementor-spacer\">\n\t\t\t<div class=\"elementor-spacer-inner\"><\/div>\n\t\t<\/div>\n\t\t\t\t<\/div>\n\t\t\t\t<\/div>\n\t\t\t\t<div class=\"elementor-element elementor-element-c37da86 elementor-widget elementor-widget-image\" data-id=\"c37da86\" data-element_type=\"widget\" data-widget_type=\"image.default\">\n\t\t\t\t<div class=\"elementor-widget-container\">\n\t\t\t<style>\/*! elementor - v3.18.0 - 04-12-2023 *\/\n.elementor-widget-image{text-align:center}.elementor-widget-image a{display:inline-block}.elementor-widget-image a img[src$=\".svg\"]{width:48px}.elementor-widget-image img{vertical-align:middle;display:inline-block}<\/style>\t\t\t\t\t\t\t\t\t\t\t\t<img fetchpriority=\"high\" decoding=\"async\" width=\"740\" height=\"491\" src=\"https:\/\/www.wasabedden.se\/wp-content\/uploads\/2023\/12\/BILD_71-e1528783920113-1024x680.jpg\" class=\"attachment-large size-large wp-image-188\" alt=\"\" srcset=\"https:\/\/www.wasabedden.se\/wp-content\/uploads\/2023\/12\/BILD_71-e1528783920113-1024x680.jpg 1024w, https:\/\/www.wasabedden.se\/wp-content\/uploads\/2023\/12\/BILD_71-e1528783920113-300x199.jpg 300w, https:\/\/www.wasabedden.se\/wp-content\/uploads\/2023\/12\/BILD_71-e1528783920113-768x510.jpg 768w, https:\/\/www.wasabedden.se\/wp-content\/uploads\/2023\/12\/BILD_71-e1528783920113-1536x1020.jpg 1536w, https:\/\/www.wasabedden.se\/wp-content\/uploads\/2023\/12\/BILD_71-e1528783920113-1440x956.jpg 1440w, https:\/\/www.wasabedden.se\/wp-content\/uploads\/2023\/12\/BILD_71-e1528783920113.jpg 1920w\" sizes=\"(max-width: 740px) 100vw, 740px\" \/>\t\t\t\t\t\t\t\t\t\t\t\t\t\t\t<\/div>\n\t\t\t\t<\/div>\n\t\t\t\t\t<\/div>\n\t\t\t\t<\/div>\n\t\t<div class=\"elementor-element elementor-element-4d23690 e-flex e-con-boxed e-con e-parent\" data-id=\"4d23690\" data-element_type=\"container\" data-settings=\"{&quot;content_width&quot;:&quot;boxed&quot;}\" data-core-v316-plus=\"true\">\n\t\t\t\t\t<div class=\"e-con-inner\">\n\t\t\t\t<div class=\"elementor-element elementor-element-2ae0c98 elementor-widget elementor-widget-spacer\" data-id=\"2ae0c98\" data-element_type=\"widget\" data-widget_type=\"spacer.default\">\n\t\t\t\t<div class=\"elementor-widget-container\">\n\t\t\t\t\t<div class=\"elementor-spacer\">\n\t\t\t<div class=\"elementor-spacer-inner\"><\/div>\n\t\t<\/div>\n\t\t\t\t<\/div>\n\t\t\t\t<\/div>\n\t\t\t\t<div class=\"elementor-element elementor-element-d909ff9 elementor-widget elementor-widget-image\" data-id=\"d909ff9\" data-element_type=\"widget\" data-widget_type=\"image.default\">\n\t\t\t\t<div class=\"elementor-widget-container\">\n\t\t\t\t\t\t\t\t\t\t\t\t\t\t\t<img decoding=\"async\" width=\"75\" height=\"75\" src=\"https:\/\/www.wasabedden.se\/wp-content\/uploads\/2023\/12\/wasa-logo-1.jpg\" class=\"attachment-large size-large wp-image-492\" alt=\"\" \/>\t\t\t\t\t\t\t\t\t\t\t\t\t\t\t<\/div>\n\t\t\t\t<\/div>\n\t\t\t\t<div class=\"elementor-element elementor-element-52c8ca9 elementor-widget elementor-widget-spacer\" data-id=\"52c8ca9\" data-element_type=\"widget\" data-widget_type=\"spacer.default\">\n\t\t\t\t<div class=\"elementor-widget-container\">\n\t\t\t\t\t<div class=\"elementor-spacer\">\n\t\t\t<div class=\"elementor-spacer-inner\"><\/div>\n\t\t<\/div>\n\t\t\t\t<\/div>\n\t\t\t\t<\/div>\n\t\t\t\t<div class=\"elementor-element elementor-element-bd32e95 elementor-widget elementor-widget-text-editor\" data-id=\"bd32e95\" data-element_type=\"widget\" data-widget_type=\"text-editor.default\">\n\t\t\t\t<div class=\"elementor-widget-container\">\n\t\t\t<style>\/*! elementor - v3.18.0 - 04-12-2023 *\/\n.elementor-widget-text-editor.elementor-drop-cap-view-stacked .elementor-drop-cap{background-color:#69727d;color:#fff}.elementor-widget-text-editor.elementor-drop-cap-view-framed .elementor-drop-cap{color:#69727d;border:3px solid;background-color:transparent}.elementor-widget-text-editor:not(.elementor-drop-cap-view-default) .elementor-drop-cap{margin-top:8px}.elementor-widget-text-editor:not(.elementor-drop-cap-view-default) .elementor-drop-cap-letter{width:1em;height:1em}.elementor-widget-text-editor .elementor-drop-cap{float:left;text-align:center;line-height:1;font-size:50px}.elementor-widget-text-editor .elementor-drop-cap-letter{display:inline-block}<\/style>\t\t\t\t<h3>Utvilad eller utbr\u00e4nd?<\/h3><p>En god s\u00f6mn \u00e4r en f\u00f6ruts\u00e4ttning f\u00f6r ett gott liv. Vissa forskare menar att hur stressigt och jobbigt livet \u00e4n ter sig, \u00e4r det sv\u00e5rt att bli utbr\u00e4nd, eller psykiskt utmattad, om man sover ordentligt. V\u00e5r kropp har en fantastisk f\u00f6rm\u00e5ga att reparera sig under natten, b\u00e5de fysiskt och mentalt. Om vi sover bra vill s\u00e4ga. \u00c4r det stressigt p\u00e5 jobbet blir det \u00e4nnu viktigare att kroppen f\u00e5r en bra vila och man sover ordentligt.<\/p>\t\t\t\t\t\t<\/div>\n\t\t\t\t<\/div>\n\t\t\t\t\t<\/div>\n\t\t\t\t<\/div>\n\t\t<div class=\"elementor-element elementor-element-33bce1ac e-flex e-con-boxed e-con e-parent\" data-id=\"33bce1ac\" data-element_type=\"container\" data-settings=\"{&quot;content_width&quot;:&quot;boxed&quot;}\" data-core-v316-plus=\"true\">\n\t\t\t\t\t<div class=\"e-con-inner\">\n\t\t\t\t<div class=\"elementor-element elementor-element-745d823d elementor-widget elementor-widget-spacer\" data-id=\"745d823d\" data-element_type=\"widget\" data-widget_type=\"spacer.default\">\n\t\t\t\t<div class=\"elementor-widget-container\">\n\t\t\t\t\t<div class=\"elementor-spacer\">\n\t\t\t<div class=\"elementor-spacer-inner\"><\/div>\n\t\t<\/div>\n\t\t\t\t<\/div>\n\t\t\t\t<\/div>\n\t\t\t\t<div class=\"elementor-element elementor-element-156271fc elementor-widget elementor-widget-image\" data-id=\"156271fc\" data-element_type=\"widget\" data-widget_type=\"image.default\">\n\t\t\t\t<div class=\"elementor-widget-container\">\n\t\t\t\t\t\t\t\t\t\t\t\t\t\t\t<img decoding=\"async\" width=\"75\" height=\"75\" src=\"https:\/\/www.wasabedden.se\/wp-content\/uploads\/2023\/12\/wasa-logo-1.jpg\" class=\"attachment-large size-large wp-image-492\" alt=\"\" \/>\t\t\t\t\t\t\t\t\t\t\t\t\t\t\t<\/div>\n\t\t\t\t<\/div>\n\t\t\t\t<div class=\"elementor-element elementor-element-37b7ac7d elementor-widget elementor-widget-spacer\" data-id=\"37b7ac7d\" data-element_type=\"widget\" data-widget_type=\"spacer.default\">\n\t\t\t\t<div class=\"elementor-widget-container\">\n\t\t\t\t\t<div class=\"elementor-spacer\">\n\t\t\t<div class=\"elementor-spacer-inner\"><\/div>\n\t\t<\/div>\n\t\t\t\t<\/div>\n\t\t\t\t<\/div>\n\t\t\t\t<div class=\"elementor-element elementor-element-596c1057 elementor-widget elementor-widget-text-editor\" data-id=\"596c1057\" data-element_type=\"widget\" data-widget_type=\"text-editor.default\">\n\t\t\t\t<div class=\"elementor-widget-container\">\n\t\t\t\t\t\t\t<h3>V\u00e5ga provligga \u2013 l\u00e4nge<\/h3><p>Kanske k\u00e4nns det pinsamt och f\u00e5nigt, men det enda s\u00e4tt du kan f\u00e5 reda p\u00e5 vilken s\u00e4ng som passar dig, \u00e4r att provligga den. Och med att provligga menas inte att l\u00e4gga sig rakl\u00e5ng p\u00e5 rygg ett par minuter med skorna prydligt placerade p\u00e5 skyddsplasten i fot\u00e4ndan. L\u00e4gg dig som du brukar n\u00e4r du g\u00e5r till s\u00e4ngs; hopkurad i fosterst\u00e4llning, i framstupa sidol\u00e4ge eller p\u00e5 rygg med h\u00e4nderna under huvudet \u2013 bara du sj\u00e4lv vet vilken sovst\u00e4llning just du f\u00f6redrar, och hur r\u00e4tt s\u00e4ngen ska k\u00e4nnas. Det brukar k\u00e4nnas bra om du upplever att du ligger i s\u00e4ngen, inte ovanp\u00e5. Ligg sedan i minst en halvtimme, blunda, och v\u00e4nd dig d\u00e5 och d\u00e5 f\u00f6r att kontrollera att det g\u00e5r smidigt. Somnar du, tja, d\u00e5 kanske n\u00e5gon annan kund skrattar lite \u00e5t dig men vad g\u00f6r det \u2013 du har antagligen hittat den perfekta s\u00e4ngen.<\/p>\t\t\t\t\t\t<\/div>\n\t\t\t\t<\/div>\n\t\t\t\t\t<\/div>\n\t\t\t\t<\/div>\n\t\t<div class=\"elementor-element elementor-element-46514d89 e-flex e-con-boxed e-con e-parent\" data-id=\"46514d89\" data-element_type=\"container\" data-settings=\"{&quot;content_width&quot;:&quot;boxed&quot;}\" data-core-v316-plus=\"true\">\n\t\t\t\t\t<div class=\"e-con-inner\">\n\t\t\t\t<div class=\"elementor-element elementor-element-3097bf03 elementor-widget elementor-widget-spacer\" data-id=\"3097bf03\" data-element_type=\"widget\" data-widget_type=\"spacer.default\">\n\t\t\t\t<div class=\"elementor-widget-container\">\n\t\t\t\t\t<div class=\"elementor-spacer\">\n\t\t\t<div class=\"elementor-spacer-inner\"><\/div>\n\t\t<\/div>\n\t\t\t\t<\/div>\n\t\t\t\t<\/div>\n\t\t\t\t<div class=\"elementor-element elementor-element-740b03f7 elementor-widget elementor-widget-image\" data-id=\"740b03f7\" data-element_type=\"widget\" data-widget_type=\"image.default\">\n\t\t\t\t<div class=\"elementor-widget-container\">\n\t\t\t\t\t\t\t\t\t\t\t\t\t\t\t<img decoding=\"async\" width=\"75\" height=\"75\" src=\"https:\/\/www.wasabedden.se\/wp-content\/uploads\/2023\/12\/wasa-logo-1.jpg\" class=\"attachment-large size-large wp-image-492\" alt=\"\" \/>\t\t\t\t\t\t\t\t\t\t\t\t\t\t\t<\/div>\n\t\t\t\t<\/div>\n\t\t\t\t<div class=\"elementor-element elementor-element-2e9f2380 elementor-widget elementor-widget-spacer\" data-id=\"2e9f2380\" data-element_type=\"widget\" data-widget_type=\"spacer.default\">\n\t\t\t\t<div class=\"elementor-widget-container\">\n\t\t\t\t\t<div class=\"elementor-spacer\">\n\t\t\t<div class=\"elementor-spacer-inner\"><\/div>\n\t\t<\/div>\n\t\t\t\t<\/div>\n\t\t\t\t<\/div>\n\t\t\t\t<div class=\"elementor-element elementor-element-57569e31 elementor-widget elementor-widget-text-editor\" data-id=\"57569e31\" data-element_type=\"widget\" data-widget_type=\"text-editor.default\">\n\t\t\t\t<div class=\"elementor-widget-container\">\n\t\t\t\t\t\t\t<h3>Olika s\u00e4ngar i livet<\/h3><p>Olika skeden i livet kr\u00e4ver skilda typer av s\u00e4ng. Kvinnor som f\u00f6tt barn brukar exempelvis beh\u00f6va lite mer st\u00f6d f\u00f6r h\u00f6fterna f\u00f6r att ligga bekv\u00e4mt, tr\u00f6tta ryggar blir piggare i en s\u00e4ng med anpassad avlastning \u2013 men inte en h\u00e5rdare s\u00e4ng som man trodde f\u00f6rr. \u00c4ven viktf\u00f6r\u00e4ndringar kan inneb\u00e4ra att den gamla s\u00e4ngen inte \u00e4r lika bekv\u00e4m som f\u00f6rut. Kommer det ofta sm\u00e5barn om natten kan det vara id\u00e9 att ha en \u201dtrippels\u00e4ng\u201d tillf\u00e4lligt s\u00e5 att alla kan sova bekv\u00e4mt. Har du \u00e4ndrat vanor s\u00e5 att du nu, till skillnad fr\u00e5n f\u00f6rr, g\u00e4rna sitter och l\u00e4ser i s\u00e4ngen, eller har f\u00e5tt problem med blodcirkulationen, kan det vara praktiskt med en st\u00e4llbar s\u00e4ng d\u00e4r du kan h\u00f6ja och s\u00e4nka huvud- och fot\u00e4ndan. Och till och med den b\u00e4sta s\u00e4ng har blivit sliten efter 10 \u2013 15 \u00e5r och beh\u00f6ver bytas. Fj\u00e4drar f\u00f6rlorar sin sp\u00e4nst, skum- och tagelmadrasser blir hoppressade och mindre flexibla.<\/p>\t\t\t\t\t\t<\/div>\n\t\t\t\t<\/div>\n\t\t\t\t\t<\/div>\n\t\t\t\t<\/div>\n\t\t<div class=\"elementor-element elementor-element-5ab8fbf3 e-flex e-con-boxed e-con e-parent\" data-id=\"5ab8fbf3\" data-element_type=\"container\" data-settings=\"{&quot;content_width&quot;:&quot;boxed&quot;}\" data-core-v316-plus=\"true\">\n\t\t\t\t\t<div class=\"e-con-inner\">\n\t\t\t\t<div class=\"elementor-element elementor-element-675455d3 elementor-widget elementor-widget-spacer\" data-id=\"675455d3\" data-element_type=\"widget\" data-widget_type=\"spacer.default\">\n\t\t\t\t<div class=\"elementor-widget-container\">\n\t\t\t\t\t<div class=\"elementor-spacer\">\n\t\t\t<div class=\"elementor-spacer-inner\"><\/div>\n\t\t<\/div>\n\t\t\t\t<\/div>\n\t\t\t\t<\/div>\n\t\t\t\t<div class=\"elementor-element elementor-element-400565ef elementor-widget elementor-widget-image\" data-id=\"400565ef\" data-element_type=\"widget\" data-widget_type=\"image.default\">\n\t\t\t\t<div class=\"elementor-widget-container\">\n\t\t\t\t\t\t\t\t\t\t\t\t\t\t\t<img decoding=\"async\" width=\"75\" height=\"75\" src=\"https:\/\/www.wasabedden.se\/wp-content\/uploads\/2023\/12\/wasa-logo-1.jpg\" class=\"attachment-large size-large wp-image-492\" alt=\"\" \/>\t\t\t\t\t\t\t\t\t\t\t\t\t\t\t<\/div>\n\t\t\t\t<\/div>\n\t\t\t\t<div class=\"elementor-element elementor-element-1f3e9bea elementor-widget elementor-widget-spacer\" data-id=\"1f3e9bea\" data-element_type=\"widget\" data-widget_type=\"spacer.default\">\n\t\t\t\t<div class=\"elementor-widget-container\">\n\t\t\t\t\t<div class=\"elementor-spacer\">\n\t\t\t<div class=\"elementor-spacer-inner\"><\/div>\n\t\t<\/div>\n\t\t\t\t<\/div>\n\t\t\t\t<\/div>\n\t\t\t\t<div class=\"elementor-element elementor-element-6b0c5821 elementor-widget elementor-widget-text-editor\" data-id=\"6b0c5821\" data-element_type=\"widget\" data-widget_type=\"text-editor.default\">\n\t\t\t\t<div class=\"elementor-widget-container\">\n\t\t\t\t\t\t\t<h3>En tung, en l\u00e4tt\u2026<\/h3><p>Bara f\u00f6r att man sover tillsammans i en dubbels\u00e4ng beh\u00f6ver det inte per automatik inneb\u00e4ra att man ska ha likadana s\u00e4ngar. Det \u00e4r snarare ett undantag att ett par f\u00f6redrar exakt samma s\u00e4ng, om man inte \u00e4r precis lika l\u00e5nga, lika tunga och brukar somna i exakt samma st\u00e4llning. Vilken typ av s\u00e4ng och vilken fasthet som k\u00e4nns bra \u00e4r helt individuellt, dessutom \u00e4ndrar det sig med \u00e5ren. Vill man \u00e4nd\u00e5 generalisera lite, kan man s\u00e4ga att ju tyngre du \u00e4r, och ju \u00e4ldre man blir, desto fastare s\u00e4ng brukar man f\u00f6redra. Likas\u00e5 brukar den som sover p\u00e5 magen oftast trivas b\u00e4ttre i en fastare s\u00e4ng \u00e4n den som sover p\u00e5 rygg. Men det \u00e4r l\u00e5ngt ifr\u00e5n en sanning f\u00f6r alla.<\/p>\t\t\t\t\t\t<\/div>\n\t\t\t\t<\/div>\n\t\t\t\t\t<\/div>\n\t\t\t\t<\/div>\n\t\t<div class=\"elementor-element elementor-element-1abd7467 e-flex e-con-boxed e-con e-parent\" data-id=\"1abd7467\" data-element_type=\"container\" data-settings=\"{&quot;content_width&quot;:&quot;boxed&quot;}\" data-core-v316-plus=\"true\">\n\t\t\t\t\t<div class=\"e-con-inner\">\n\t\t\t\t<div class=\"elementor-element elementor-element-372b542e elementor-widget elementor-widget-spacer\" data-id=\"372b542e\" data-element_type=\"widget\" data-widget_type=\"spacer.default\">\n\t\t\t\t<div class=\"elementor-widget-container\">\n\t\t\t\t\t<div class=\"elementor-spacer\">\n\t\t\t<div class=\"elementor-spacer-inner\"><\/div>\n\t\t<\/div>\n\t\t\t\t<\/div>\n\t\t\t\t<\/div>\n\t\t\t\t<div class=\"elementor-element elementor-element-92ef5ad elementor-widget elementor-widget-image\" data-id=\"92ef5ad\" data-element_type=\"widget\" data-widget_type=\"image.default\">\n\t\t\t\t<div class=\"elementor-widget-container\">\n\t\t\t\t\t\t\t\t\t\t\t\t\t\t\t<img decoding=\"async\" width=\"75\" height=\"75\" src=\"https:\/\/www.wasabedden.se\/wp-content\/uploads\/2023\/12\/wasa-logo-1.jpg\" class=\"attachment-large size-large wp-image-492\" alt=\"\" \/>\t\t\t\t\t\t\t\t\t\t\t\t\t\t\t<\/div>\n\t\t\t\t<\/div>\n\t\t\t\t<div class=\"elementor-element elementor-element-20362ca5 elementor-widget elementor-widget-spacer\" data-id=\"20362ca5\" data-element_type=\"widget\" data-widget_type=\"spacer.default\">\n\t\t\t\t<div class=\"elementor-widget-container\">\n\t\t\t\t\t<div class=\"elementor-spacer\">\n\t\t\t<div class=\"elementor-spacer-inner\"><\/div>\n\t\t<\/div>\n\t\t\t\t<\/div>\n\t\t\t\t<\/div>\n\t\t\t\t<div class=\"elementor-element elementor-element-bc19b2e elementor-widget elementor-widget-text-editor\" data-id=\"bc19b2e\" data-element_type=\"widget\" data-widget_type=\"text-editor.default\">\n\t\t\t\t<div class=\"elementor-widget-container\">\n\t\t\t\t\t\t\t<h3>En varm, en kall\u2026<\/h3><p>Det \u00e4r vanligt att den ena partnern \u00e4r mer varmblodig \u00e4n den andre. Detta kan avhj\u00e4lpas med olika typer av b\u00e4ddmadrass, samt givetvis skilda t\u00e4cken och kuddar, helst i naturmaterial.<\/p>\t\t\t\t\t\t<\/div>\n\t\t\t\t<\/div>\n\t\t\t\t\t<\/div>\n\t\t\t\t<\/div>\n\t\t<div class=\"elementor-element elementor-element-7ab897e7 e-flex e-con-boxed e-con e-parent\" data-id=\"7ab897e7\" data-element_type=\"container\" data-settings=\"{&quot;content_width&quot;:&quot;boxed&quot;}\" data-core-v316-plus=\"true\">\n\t\t\t\t\t<div class=\"e-con-inner\">\n\t\t\t\t<div class=\"elementor-element elementor-element-41760f21 elementor-widget elementor-widget-spacer\" data-id=\"41760f21\" data-element_type=\"widget\" data-widget_type=\"spacer.default\">\n\t\t\t\t<div class=\"elementor-widget-container\">\n\t\t\t\t\t<div class=\"elementor-spacer\">\n\t\t\t<div class=\"elementor-spacer-inner\"><\/div>\n\t\t<\/div>\n\t\t\t\t<\/div>\n\t\t\t\t<\/div>\n\t\t\t\t<div class=\"elementor-element elementor-element-fae327b elementor-widget elementor-widget-image\" data-id=\"fae327b\" data-element_type=\"widget\" data-widget_type=\"image.default\">\n\t\t\t\t<div class=\"elementor-widget-container\">\n\t\t\t\t\t\t\t\t\t\t\t\t\t\t\t<img decoding=\"async\" width=\"75\" height=\"75\" src=\"https:\/\/www.wasabedden.se\/wp-content\/uploads\/2023\/12\/wasa-logo-1.jpg\" class=\"attachment-large size-large wp-image-492\" alt=\"\" \/>\t\t\t\t\t\t\t\t\t\t\t\t\t\t\t<\/div>\n\t\t\t\t<\/div>\n\t\t\t\t<div class=\"elementor-element elementor-element-3e400724 elementor-widget elementor-widget-spacer\" data-id=\"3e400724\" data-element_type=\"widget\" data-widget_type=\"spacer.default\">\n\t\t\t\t<div class=\"elementor-widget-container\">\n\t\t\t\t\t<div class=\"elementor-spacer\">\n\t\t\t<div class=\"elementor-spacer-inner\"><\/div>\n\t\t<\/div>\n\t\t\t\t<\/div>\n\t\t\t\t<\/div>\n\t\t\t\t<div class=\"elementor-element elementor-element-6147a4e8 elementor-widget elementor-widget-text-editor\" data-id=\"6147a4e8\" data-element_type=\"widget\" data-widget_type=\"text-editor.default\">\n\t\t\t\t<div class=\"elementor-widget-container\">\n\t\t\t\t\t\t\t<h3>Sov snyggt<\/h3><p>N\u00e4r det g\u00e4ller sj\u00e4lva s\u00e4ngmodellen finns det tre typer att v\u00e4lja bland; rams\u00e4ng, kontinentals\u00e4ng eller st\u00e4llbar s\u00e4ng. Vad du v\u00e4ljer \u00e4r en smaksak, vill man vara trendig s\u00e5 blir det mer och mer popul\u00e4rt med den maffiga kontinentals\u00e4ngen. Tv\u00e5 s\u00e4ngar som st\u00e5r tillsammans b\u00f6r givetvis vara lika h\u00f6ga, i alla fall om man ska ha en gemensam b\u00e4ddmadrass. F\u00f6r symmetrins skull ser det ocks\u00e5 b\u00e4ttre ut om s\u00e4ngarna har samma bredd och \u00e4r lika l\u00e5nga. Men, som sagt, v\u00e4lj s\u00e4ng och den madrass som du vill ha. I de flesta fall syns ju faktiskt inte s\u00e5 mycket av sj\u00e4lva s\u00e4ngstommen och madrassen.<\/p>\t\t\t\t\t\t<\/div>\n\t\t\t\t<\/div>\n\t\t\t\t\t<\/div>\n\t\t\t\t<\/div>\n\t\t\t\t\t\t\t<\/div>\n\t\t","protected":false},"excerpt":{"rendered":"<p>Utvilad eller utbr\u00e4nd? En god s\u00f6mn \u00e4r en f\u00f6ruts\u00e4ttning f\u00f6r ett gott liv. Vissa forskare menar att hur stressigt och jobbigt livet \u00e4n ter sig, \u00e4r det sv\u00e5rt att bli utbr\u00e4nd, eller psykiskt utmattad, om man sover ordentligt. V\u00e5r kropp har en fantastisk f\u00f6rm\u00e5ga att reparera sig under natten, b\u00e5de fysiskt och mentalt. Om vi [&hellip;]<\/p>\n","protected":false},"author":1,"featured_media":0,"parent":0,"menu_order":0,"comment_status":"closed","ping_status":"closed","template":"","meta":{"footnotes":""},"class_list":["post-33","page","type-page","status-publish","hentry"],"_links":{"self":[{"href":"https:\/\/www.wasabedden.se\/index.php?rest_route=\/wp\/v2\/pages\/33","targetHints":{"allow":["GET"]}}],"collection":[{"href":"https:\/\/www.wasabedden.se\/index.php?rest_route=\/wp\/v2\/pages"}],"about":[{"href":"https:\/\/www.wasabedden.se\/index.php?rest_route=\/wp\/v2\/types\/page"}],"author":[{"embeddable":true,"href":"https:\/\/www.wasabedden.se\/index.php?rest_route=\/wp\/v2\/users\/1"}],"replies":[{"embeddable":true,"href":"https:\/\/www.wasabedden.se\/index.php?rest_route=%2Fwp%2Fv2%2Fcomments&post=33"}],"version-history":[{"count":7,"href":"https:\/\/www.wasabedden.se\/index.php?rest_route=\/wp\/v2\/pages\/33\/revisions"}],"predecessor-version":[{"id":743,"href":"https:\/\/www.wasabedden.se\/index.php?rest_route=\/wp\/v2\/pages\/33\/revisions\/743"}],"wp:attachment":[{"href":"https:\/\/www.wasabedden.se\/index.php?rest_route=%2Fwp%2Fv2%2Fmedia&parent=33"}],"curies":[{"name":"wp","href":"https:\/\/api.w.org\/{rel}","templated":true}]}}